{"id":9,"date":"2020-02-29T10:35:30","date_gmt":"2020-02-29T10:35:30","guid":{"rendered":"https:\/\/forxachago.com\/?page_id=9"},"modified":"2020-03-03T15:02:34","modified_gmt":"2020-03-03T15:02:34","slug":"sobre-nosotros","status":"publish","type":"page","link":"https:\/\/forxachago.com\/index.php\/sobre-nosotros\/","title":{"rendered":"Quienes Somos"},"content":{"rendered":"<p><em>A nosa empresa e especialista en Forxa artesanal e artistica, tam\u00e9n facemos traballos de carpinter\u00eda met\u00e1lica. En restauraci\u00f3n realizamos de todo tipo en ferro, forxa, fundici\u00f3n etc, levamos restaurado edificios historicos de toda a zona historica de Santiago de Compostela.<\/em><\/p>\n","protected":false},"excerpt":{"rendered":"<p>A nosa empresa e especialista en Forxa artesanal e artistica,  [&#8230;]<\/p>\n","protected":false},"author":1,"featured_media":0,"parent":0,"menu_order":0,"comment_status":"closed","ping_status":"closed","template":"","meta":{"footnotes":""},"class_list":["post-9","page","type-page","status-publish","hentry"],"_links":{"self":[{"href":"https:\/\/forxachago.com\/index.php\/wp-json\/wp\/v2\/pages\/9","targetHints":{"allow":["GET"]}}],"collection":[{"href":"https:\/\/forxachago.com\/index.php\/wp-json\/wp\/v2\/pages"}],"about":[{"href":"https:\/\/forxachago.com\/index.php\/wp-json\/wp\/v2\/types\/page"}],"author":[{"embeddable":true,"href":"https:\/\/forxachago.com\/index.php\/wp-json\/wp\/v2\/users\/1"}],"replies":[{"embeddable":true,"href":"https:\/\/forxachago.com\/index.php\/wp-json\/wp\/v2\/comments?post=9"}],"version-history":[{"count":4,"href":"https:\/\/forxachago.com\/index.php\/wp-json\/wp\/v2\/pages\/9\/revisions"}],"predecessor-version":[{"id":329,"href":"https:\/\/forxachago.com\/index.php\/wp-json\/wp\/v2\/pages\/9\/revisions\/329"}],"wp:attachment":[{"href":"https:\/\/forxachago.com\/index.php\/wp-json\/wp\/v2\/media?parent=9"}],"curies":[{"name":"wp","href":"https:\/\/api.w.org\/{rel}","templated":true}]}}